{"id":377,"date":"2014-07-06T18:14:10","date_gmt":"2014-07-06T16:14:10","guid":{"rendered":"http:\/\/magyar-protestansok.de\/?page_id=377"},"modified":"2024-11-22T10:18:12","modified_gmt":"2024-11-22T08:18:12","slug":"hannover","status":"publish","type":"page","link":"https:\/\/magyar-protestansok.de\/?page_id=377","title":{"rendered":"Hannover"},"content":{"rendered":"<table>\n<tbody style=\"width: 400px; vertical-align: top;\">\n<tr>\n<td>Hivatalos n\u00e9v<\/td>\n<td>\u00c9szak N\u00e9metorsz\u00e1gi Magyar Reform\u00e1tus Lelkigondoz\u00f3i Szolg\u00e1lat<\/td>\n<\/tr>\n<tr>\n<td>R\u00f6vid statisztika<\/td>\n<td><\/td>\n<\/tr>\n<tr>\n<td>Istentiszteleti alkalmak<\/td>\n<td><a href=\"https:\/\/magyar-protestansok.de\/wp-content\/uploads\/2024\/11\/Istentiszteletek-2024.-12-2025.-03.pdf\" target=\"_blank\" rel=\"noopener\">Istentiszteletek 2024. 12 &#8211; 2025. 03.<\/a><\/td>\n<\/tr>\n<tr>\n<td>R\u00f6vid bemutatkoz\u00e1s<\/td>\n<td><\/td>\n<\/tr>\n<tr>\n<td>E-mail c\u00edm<\/td>\n<td><a href=\"mailto:m.p.magdolna@gmail.com\">m.p.magdolna@gmail.com<\/a><\/td>\n<\/tr>\n<tr>\n<td>Telefonsz\u00e1m<\/td>\n<td>+49 173 352 48 52 vagy +36 30 7487330<\/td>\n<\/tr>\n<tr>\n<td>Postac\u00edm<\/td>\n<td>Lindenbergstr. 4. 31226 Peine<\/td>\n<\/tr>\n<\/tbody>\n<\/table>\n","protected":false},"excerpt":{"rendered":"<p>Hivatalos n\u00e9v \u00c9szak N\u00e9metorsz\u00e1gi Magyar Reform\u00e1tus Lelkigondoz\u00f3i Szolg\u00e1lat R\u00f6vid statisztika Istentiszteleti alkalmak Istentiszteletek 2024. 12 &#8211; 2025. 03. R\u00f6vid bemutatkoz\u00e1s E-mail c\u00edm m.p.magdolna@gmail.com Telefonsz\u00e1m +49 173 352 48 52 vagy +36 30 7487330 Postac\u00edm Lindenbergstr. 4. 31226 Peine<\/p>\n","protected":false},"author":2,"featured_media":0,"parent":242,"menu_order":1,"comment_status":"closed","ping_status":"open","template":"","meta":{"om_disable_all_campaigns":false,"_monsterinsights_skip_tracking":false,"_monsterinsights_sitenote_active":false,"_monsterinsights_sitenote_note":"","_monsterinsights_sitenote_category":0,"footnotes":""},"class_list":["entry","page","publish","author-tibi","post-377"],"aioseo_notices":[],"jetpack_sharing_enabled":true,"_links":{"self":[{"href":"https:\/\/magyar-protestansok.de\/index.php?rest_route=\/wp\/v2\/pages\/377","targetHints":{"allow":["GET"]}}],"collection":[{"href":"https:\/\/magyar-protestansok.de\/index.php?rest_route=\/wp\/v2\/pages"}],"about":[{"href":"https:\/\/magyar-protestansok.de\/index.php?rest_route=\/wp\/v2\/types\/page"}],"author":[{"embeddable":true,"href":"https:\/\/magyar-protestansok.de\/index.php?rest_route=\/wp\/v2\/users\/2"}],"replies":[{"embeddable":true,"href":"https:\/\/magyar-protestansok.de\/index.php?rest_route=%2Fwp%2Fv2%2Fcomments&post=377"}],"version-history":[{"count":5,"href":"https:\/\/magyar-protestansok.de\/index.php?rest_route=\/wp\/v2\/pages\/377\/revisions"}],"predecessor-version":[{"id":1035,"href":"https:\/\/magyar-protestansok.de\/index.php?rest_route=\/wp\/v2\/pages\/377\/revisions\/1035"}],"up":[{"embeddable":true,"href":"https:\/\/magyar-protestansok.de\/index.php?rest_route=\/wp\/v2\/pages\/242"}],"wp:attachment":[{"href":"https:\/\/magyar-protestansok.de\/index.php?rest_route=%2Fwp%2Fv2%2Fmedia&parent=377"}],"curies":[{"name":"wp","href":"https:\/\/api.w.org\/{rel}","templated":true}]}}