{"id":259,"date":"2014-06-29T22:01:59","date_gmt":"2014-06-29T20:01:59","guid":{"rendered":"http:\/\/magyar-protestansok.de\/?page_id=259"},"modified":"2014-07-06T23:27:33","modified_gmt":"2014-07-06T21:27:33","slug":"szoevegek","status":"publish","type":"page","link":"https:\/\/magyar-protestansok.de\/?page_id=259","title":{"rendered":"Sz\u00f6vegek"},"content":{"rendered":"<p>A dokumentumok az illet\u0151 gy\u00fclekezet neve alatt be\u00e9rkez\u00e9si sorrend szerint tal\u00e1lhat\u00f3k.<\/p>\n<h3>Berlini Magyar Protest\u00e1ns Gy\u00fclekezet<\/h3>\n<h3>\u00c9szak-N\u00e9metorsz\u00e1gi Magyar Reform\u00e1tus Lelkigondoz\u00f3i Szolg\u00e1lat<\/h3>\n<h3>Frankfurti (Main) Magyar Reform\u00e1tus Gy\u00fclekezet<\/h3>\n<h3>Heidelbergi Magyar Reform\u00e1tus Gy\u00fclekezet<\/h3>\n<h3>Mainzi Magyar Reform\u00e1tus Gy\u00fclekezet<\/h3>\n<h3>M\u00fcncheni Magyar Reform\u00e1tus Gy\u00fclekezet<\/h3>\n<ul>\n<li>Cs\u00e1kv\u00e1ri D\u00e1niel reform\u00e1tus lelkip\u00e1sztor <a title=\"Cs\u00e1kv\u00e1ri D\u00e1niel besz\u00e1mol\u00f3ja\" href=\"https:\/\/magyar-protestansok.de\/wp-content\/uploads\/2014\/07\/Muenchen_Beszamolo_Csakvari-2013-08_20140606.pdf\">besz\u00e1mol\u00f3ja<\/a> (2013\/2014). Bek\u00fcldve: 2014. j\u00falius 3.<\/li>\n<\/ul>\n<h3>Rajna-vid\u00e9ki \u00e9s Vesztf\u00e1liai Magyar Protest\u00e1ns Gy\u00fclekezet<\/h3>\n<h3>Ulm-k\u00f6rny\u00e9ki Magyar Protest\u00e1ns Gy\u00fclekezet<\/h3>\n<h3>W\u00fcrttembergi (Stuttgart\/ Heilbronn) Magyar Protest\u00e1ns Gy\u00fclekezet<\/h3>\n","protected":false},"excerpt":{"rendered":"<p>A dokumentumok az illet\u0151 gy\u00fclekezet neve alatt be\u00e9rkez\u00e9si sorrend szerint tal\u00e1lhat\u00f3k. Berlini Magyar Protest\u00e1ns Gy\u00fclekezet \u00c9szak-N\u00e9metorsz\u00e1gi Magyar Reform\u00e1tus Lelkigondoz\u00f3i Szolg\u00e1lat Frankfurti (Main) Magyar Reform\u00e1tus Gy\u00fclekezet Heidelbergi Magyar Reform\u00e1tus Gy\u00fclekezet Mainzi Magyar Reform\u00e1tus Gy\u00fclekezet M\u00fcncheni Magyar Reform\u00e1tus Gy\u00fclekezet Cs\u00e1kv\u00e1ri D\u00e1niel reform\u00e1tus lelkip\u00e1sztor besz\u00e1mol\u00f3ja (2013\/2014). Bek\u00fcldve: 2014. j\u00falius 3. Rajna-vid\u00e9ki \u00e9s Vesztf\u00e1liai Magyar Protest\u00e1ns Gy\u00fclekezet Ulm-k\u00f6rny\u00e9ki Magyar &#8230; <span class=\"more\"><a class=\"more-link\" href=\"https:\/\/magyar-protestansok.de\/?page_id=259\">[Tov\u00e1bb\/ Weiter&#8230;]<\/a><\/span><\/p>\n","protected":false},"author":2,"featured_media":0,"parent":0,"menu_order":0,"comment_status":"closed","ping_status":"open","template":"","meta":{"om_disable_all_campaigns":false,"_monsterinsights_skip_tracking":false,"_monsterinsights_sitenote_active":false,"_monsterinsights_sitenote_note":"","_monsterinsights_sitenote_category":0,"footnotes":""},"class_list":["entry","page","publish","author-tibi","post-259"],"aioseo_notices":[],"jetpack_sharing_enabled":true,"_links":{"self":[{"href":"https:\/\/magyar-protestansok.de\/index.php?rest_route=\/wp\/v2\/pages\/259","targetHints":{"allow":["GET"]}}],"collection":[{"href":"https:\/\/magyar-protestansok.de\/index.php?rest_route=\/wp\/v2\/pages"}],"about":[{"href":"https:\/\/magyar-protestansok.de\/index.php?rest_route=\/wp\/v2\/types\/page"}],"author":[{"embeddable":true,"href":"https:\/\/magyar-protestansok.de\/index.php?rest_route=\/wp\/v2\/users\/2"}],"replies":[{"embeddable":true,"href":"https:\/\/magyar-protestansok.de\/index.php?rest_route=%2Fwp%2Fv2%2Fcomments&post=259"}],"version-history":[{"count":0,"href":"https:\/\/magyar-protestansok.de\/index.php?rest_route=\/wp\/v2\/pages\/259\/revisions"}],"wp:attachment":[{"href":"https:\/\/magyar-protestansok.de\/index.php?rest_route=%2Fwp%2Fv2%2Fmedia&parent=259"}],"curies":[{"name":"wp","href":"https:\/\/api.w.org\/{rel}","templated":true}]}}