{"id":223,"date":"2014-06-29T21:51:04","date_gmt":"2014-06-29T19:51:04","guid":{"rendered":"http:\/\/magyar-protestansok.de\/?page_id=223"},"modified":"2014-06-29T21:53:43","modified_gmt":"2014-06-29T19:53:43","slug":"magunkrol","status":"publish","type":"page","link":"https:\/\/magyar-protestansok.de\/?page_id=223","title":{"rendered":"Magunkr\u00f3l"},"content":{"rendered":"<p>A N\u00e9metorsz\u00e1gi Magyar-ajk\u00fa Protest\u00e1ns Gy\u00fclekezetek Sz\u00f6vets\u00e9ge (bejegyzett egyes\u00fclet) a N\u00e9metorsz\u00e1g ter\u00fclet\u00e9n szolg\u00e1l\u00f3 reform\u00e1tus \u00e9s evang\u00e9likus gy\u00fclekezetek \u00e9s\/ vagy lelkigondoz\u00f3i szolg\u00e1latok egyre gyarapod\u00f3 erny\u0151szervezete.<\/p>\n","protected":false},"excerpt":{"rendered":"<p>A N\u00e9metorsz\u00e1gi Magyar-ajk\u00fa Protest\u00e1ns Gy\u00fclekezetek Sz\u00f6vets\u00e9ge (bejegyzett egyes\u00fclet) a N\u00e9metorsz\u00e1g ter\u00fclet\u00e9n szolg\u00e1l\u00f3 reform\u00e1tus \u00e9s evang\u00e9likus gy\u00fclekezetek \u00e9s\/ vagy lelkigondoz\u00f3i szolg\u00e1latok egyre gyarapod\u00f3 erny\u0151szervezete.<\/p>\n","protected":false},"author":2,"featured_media":0,"parent":0,"menu_order":0,"comment_status":"closed","ping_status":"open","template":"","meta":{"om_disable_all_campaigns":false,"_monsterinsights_skip_tracking":false,"_monsterinsights_sitenote_active":false,"_monsterinsights_sitenote_note":"","_monsterinsights_sitenote_category":0,"footnotes":""},"class_list":["entry","page","publish","author-tibi","post-223"],"aioseo_notices":[],"jetpack_sharing_enabled":true,"_links":{"self":[{"href":"https:\/\/magyar-protestansok.de\/index.php?rest_route=\/wp\/v2\/pages\/223","targetHints":{"allow":["GET"]}}],"collection":[{"href":"https:\/\/magyar-protestansok.de\/index.php?rest_route=\/wp\/v2\/pages"}],"about":[{"href":"https:\/\/magyar-protestansok.de\/index.php?rest_route=\/wp\/v2\/types\/page"}],"author":[{"embeddable":true,"href":"https:\/\/magyar-protestansok.de\/index.php?rest_route=\/wp\/v2\/users\/2"}],"replies":[{"embeddable":true,"href":"https:\/\/magyar-protestansok.de\/index.php?rest_route=%2Fwp%2Fv2%2Fcomments&post=223"}],"version-history":[{"count":0,"href":"https:\/\/magyar-protestansok.de\/index.php?rest_route=\/wp\/v2\/pages\/223\/revisions"}],"wp:attachment":[{"href":"https:\/\/magyar-protestansok.de\/index.php?rest_route=%2Fwp%2Fv2%2Fmedia&parent=223"}],"curies":[{"name":"wp","href":"https:\/\/api.w.org\/{rel}","templated":true}]}}